{"id":346,"date":"2018-07-28T16:07:17","date_gmt":"2018-07-28T16:07:17","guid":{"rendered":"https:\/\/manufacturer.stylemixthemes.com\/?page_id=346"},"modified":"2026-04-10T09:38:51","modified_gmt":"2026-04-10T09:38:51","slug":"about-us","status":"publish","type":"page","link":"https:\/\/weizhutrading.com\/vi\/about-us\/","title":{"rendered":"V\u1ec1 ch\u00fang t\u00f4i"},"content":{"rendered":"<div data-elementor-type=\"wp-post\" data-elementor-id=\"346\" class=\"elementor elementor-346\" data-elementor-post-type=\"page\">\n\t\t\t\t\t\t<section class=\"elementor-section elementor-top-section elementor-element elementor-element-10b3474 elementor-section-boxed elementor-section-height-default elementor-section-height-default\" data-id=\"10b3474\" data-element_type=\"section\" data-e-type=\"section\">\n\t\t\t\t\t\t<div class=\"elementor-container elementor-column-gap-default\">\n\t\t\t\t\t<div class=\"elementor-column elementor-col-50 elementor-top-column elementor-element elementor-element-9f7d21a elementor-invisible\" data-id=\"9f7d21a\" data-element_type=\"column\" data-e-type=\"column\" data-settings=\"{&quot;animation&quot;:&quot;fadeIn&quot;}\">\n\t\t\t<div class=\"elementor-widget-wrap elementor-element-populated\">\n\t\t\t\t\t\t<div class=\"elementor-element elementor-element-a06b9b7 elementor-widget elementor-widget-image\" data-id=\"a06b9b7\" data-element_type=\"widget\" data-e-type=\"widget\" data-widget_type=\"image.default\">\n\t\t\t\t\t\t\t\t\t\t\t\t\t\t\t<img fetchpriority=\"high\" decoding=\"async\" width=\"940\" height=\"479\" src=\"https:\/\/weizhutrading.com\/wp-content\/uploads\/2026\/04\/6c743887b81d51092bac81c564fc18f1-1024x522.jpg\" class=\"attachment-large size-large wp-image-3703\" alt=\"\" srcset=\"https:\/\/weizhutrading.com\/wp-content\/uploads\/2026\/04\/6c743887b81d51092bac81c564fc18f1-1024x522.jpg 1024w, https:\/\/weizhutrading.com\/wp-content\/uploads\/2026\/04\/6c743887b81d51092bac81c564fc18f1-300x153.jpg 300w, https:\/\/weizhutrading.com\/wp-content\/uploads\/2026\/04\/6c743887b81d51092bac81c564fc18f1-768x391.jpg 768w, https:\/\/weizhutrading.com\/wp-content\/uploads\/2026\/04\/6c743887b81d51092bac81c564fc18f1-1536x783.jpg 1536w, https:\/\/weizhutrading.com\/wp-content\/uploads\/2026\/04\/6c743887b81d51092bac81c564fc18f1-2048x1044.jpg 2048w, https:\/\/weizhutrading.com\/wp-content\/uploads\/2026\/04\/6c743887b81d51092bac81c564fc18f1-18x9.jpg 18w, https:\/\/weizhutrading.com\/wp-content\/uploads\/2026\/04\/6c743887b81d51092bac81c564fc18f1-285x145.jpg 285w, https:\/\/weizhutrading.com\/wp-content\/uploads\/2026\/04\/6c743887b81d51092bac81c564fc18f1-1600x816.jpg 1600w, https:\/\/weizhutrading.com\/wp-content\/uploads\/2026\/04\/6c743887b81d51092bac81c564fc18f1-660x336.jpg 660w, https:\/\/weizhutrading.com\/wp-content\/uploads\/2026\/04\/6c743887b81d51092bac81c564fc18f1-150x76.jpg 150w\" sizes=\"(max-width: 940px) 100vw, 940px\" \/>\t\t\t\t\t\t\t\t\t\t\t\t\t\t\t<\/div>\n\t\t\t\t\t<\/div>\n\t\t<\/div>\n\t\t\t\t<div class=\"elementor-column elementor-col-50 elementor-top-column elementor-element elementor-element-988c61c elementor-invisible\" data-id=\"988c61c\" data-element_type=\"column\" data-e-type=\"column\" data-settings=\"{&quot;animation&quot;:&quot;fadeIn&quot;,&quot;animation_delay&quot;:200}\">\n\t\t\t<div class=\"elementor-widget-wrap elementor-element-populated\">\n\t\t\t\t\t\t<div class=\"elementor-element elementor-element-7b75cff elementor-widget elementor-widget-heading\" data-id=\"7b75cff\" data-element_type=\"widget\" data-e-type=\"widget\" data-widget_type=\"heading.default\">\n\t\t\t\t\t<h2 class=\"elementor-heading-title elementor-size-default elementor-heading-title elementor-align-after-left elementor-align-after-mobile-center elementor-align-after-tablet-left\">Welcome<\/h2>\t\t\t\t<\/div>\n\t\t\t\t<div class=\"elementor-element elementor-element-9cdd897 elementor-widget elementor-widget-text-editor\" data-id=\"9cdd897\" data-element_type=\"widget\" data-e-type=\"widget\" data-widget_type=\"text-editor.default\">\n\t\t\t\t\t\t\t\t\t<div class=\"x-text\"><div class=\"qk-md-paragraph\">Established in 2000, Hejian Gemei Fiberglass Products Co., Ltd. has grown into one of the most experienced and professional manufacturers specializing in alkali-resistant fiberglass mesh in China. With over two decades of industry expertise, we have built a solid reputation based on technological innovation, strict quality control, and reliable supply chain management.<\/div><\/div>\t\t\t\t\t\t\t\t<\/div>\n\t\t\t\t\t<\/div>\n\t\t<\/div>\n\t\t\t\t\t<\/div>\n\t\t<\/section>\n\t\t\t\t<section class=\"elementor-section elementor-top-section elementor-element elementor-element-0e8b69e elementor-reverse-mobile elementor-section-boxed elementor-section-height-default elementor-section-height-default\" data-id=\"0e8b69e\" data-element_type=\"section\" data-e-type=\"section\">\n\t\t\t\t\t\t<div class=\"elementor-container elementor-column-gap-default\">\n\t\t\t\t\t<div class=\"elementor-column elementor-col-50 elementor-top-column elementor-element elementor-element-c41126a elementor-invisible\" data-id=\"c41126a\" data-element_type=\"column\" data-e-type=\"column\" data-settings=\"{&quot;animation&quot;:&quot;fadeIn&quot;}\">\n\t\t\t<div class=\"elementor-widget-wrap elementor-element-populated\">\n\t\t\t\t\t\t<div class=\"elementor-element elementor-element-317f37d elementor-widget elementor-widget-heading\" data-id=\"317f37d\" data-element_type=\"widget\" data-e-type=\"widget\" data-widget_type=\"heading.default\">\n\t\t\t\t\t<h2 class=\"elementor-heading-title elementor-size-default elementor-heading-title elementor-align-after-left elementor-align-after-mobile-center elementor-align-after-tablet-left\">Founder\u2019s Note<\/h2>\t\t\t\t<\/div>\n\t\t\t\t<div class=\"elementor-element elementor-element-fddaa89 elementor-widget elementor-widget-text-editor\" data-id=\"fddaa89\" data-element_type=\"widget\" data-e-type=\"widget\" data-widget_type=\"text-editor.default\">\n\t\t\t\t\t\t\t\t\t<div class=\"qk-md-paragraph\">To better serve our international clients and streamline global operations, we founded Cangzhou Weizhu Trading Co., Ltd. in 2020 as our dedicated overseas sales and service subsidiary. This strategic setup allows us to provide a full spectrum of professional services tailored specifically to the needs of global buyers, including international business consultation, customized solutions, efficient order processing, and comprehensive logistics support.<\/div>\t\t\t\t\t\t\t\t<\/div>\n\t\t\t\t\t<\/div>\n\t\t<\/div>\n\t\t\t\t<div class=\"elementor-column elementor-col-50 elementor-top-column elementor-element elementor-element-6aa81e0 elementor-invisible\" data-id=\"6aa81e0\" data-element_type=\"column\" data-e-type=\"column\" data-settings=\"{&quot;animation&quot;:&quot;fadeIn&quot;,&quot;animation_delay&quot;:200}\">\n\t\t\t<div class=\"elementor-widget-wrap elementor-element-populated\">\n\t\t\t\t\t\t<div class=\"elementor-element elementor-element-186b353 elementor-widget elementor-widget-image\" data-id=\"186b353\" data-element_type=\"widget\" data-e-type=\"widget\" data-widget_type=\"image.default\">\n\t\t\t\t\t\t\t\t\t\t\t\t\t\t\t<img decoding=\"async\" width=\"600\" height=\"550\" src=\"https:\/\/weizhutrading.com\/wp-content\/uploads\/2026\/04\/48d4ae70dd8bd7ace1651e7e00788011-600x550.jpg\" class=\"attachment-manufacturer_medium size-manufacturer_medium wp-image-3705\" alt=\"\" \/>\t\t\t\t\t\t\t\t\t\t\t\t\t\t\t<\/div>\n\t\t\t\t\t<\/div>\n\t\t<\/div>\n\t\t\t\t\t<\/div>\n\t\t<\/section>\n\t\t\t\t<section class=\"elementor-section elementor-top-section elementor-element elementor-element-fbd7258 elementor-section-boxed elementor-section-height-default elementor-section-height-default\" data-id=\"fbd7258\" data-element_type=\"section\" data-e-type=\"section\">\n\t\t\t\t\t\t<div class=\"elementor-container elementor-column-gap-default\">\n\t\t\t\t\t<div class=\"elementor-column elementor-col-100 elementor-top-column elementor-element elementor-element-a050170\" data-id=\"a050170\" data-element_type=\"column\" data-e-type=\"column\">\n\t\t\t<div class=\"elementor-widget-wrap elementor-element-populated\">\n\t\t\t\t\t\t<div class=\"elementor-element elementor-element-886132c elementor-invisible elementor-widget elementor-widget-heading\" data-id=\"886132c\" data-element_type=\"widget\" data-e-type=\"widget\" data-settings=\"{&quot;_animation&quot;:&quot;fadeIn&quot;}\" data-widget_type=\"heading.default\">\n\t\t\t\t\t<h2 class=\"elementor-heading-title elementor-size-default elementor-heading-title elementor-align-after-center\">Meet the WeiZhu Team<\/h2>\t\t\t\t<\/div>\n\t\t\t\t<div class=\"elementor-element elementor-element-44c282b elementor-invisible elementor-widget elementor-widget-text-editor\" data-id=\"44c282b\" data-element_type=\"widget\" data-e-type=\"widget\" data-settings=\"{&quot;_animation&quot;:&quot;fadeIn&quot;,&quot;_animation_delay&quot;:200}\" data-widget_type=\"text-editor.default\">\n\t\t\t\t\t\t\t\t\t<p>Backed by a strong manufacturing base equipped with state-of-the-art automated production lines and precision testing equipment, we uphold our core philosophy: &#8220;Care in Every Thread, Perfection in Every Mesh.&#8221; We exercise strict quality control throughout the entire production process\u2014from the selection of high-grade raw fiberglass yarns to weaving, special alkali-resistant coating treatment, and final inspection. Our products are renowned for their superior tensile strength, excellent alkali resistance, good dimensional stability, and crack resistance, making them the ideal choice for external wall insulation systems, plaster reinforcement, waterproofing projects, and tile fixing applications worldwide.<\/p>\t\t\t\t\t\t\t\t<\/div>\n\t\t\t\t<div class=\"elementor-element elementor-element-cadec98 elementor-invisible elementor-widget elementor-widget-image\" data-id=\"cadec98\" data-element_type=\"widget\" data-e-type=\"widget\" data-settings=\"{&quot;_animation&quot;:&quot;fadeInUp&quot;}\" data-widget_type=\"image.default\">\n\t\t\t\t\t\t\t\t\t\t\t\t\t\t\t<img decoding=\"async\" width=\"1600\" height=\"900\" src=\"https:\/\/weizhutrading.com\/wp-content\/uploads\/2026\/04\/585898c7441ed4aec3a43ffa1bd5f77d-1600x900.jpg\" class=\"attachment-manufacturer_full size-manufacturer_full wp-image-3706\" alt=\"\" srcset=\"https:\/\/weizhutrading.com\/wp-content\/uploads\/2026\/04\/585898c7441ed4aec3a43ffa1bd5f77d-1600x900.jpg 1600w, https:\/\/weizhutrading.com\/wp-content\/uploads\/2026\/04\/585898c7441ed4aec3a43ffa1bd5f77d-300x169.jpg 300w, https:\/\/weizhutrading.com\/wp-content\/uploads\/2026\/04\/585898c7441ed4aec3a43ffa1bd5f77d-1024x576.jpg 1024w, https:\/\/weizhutrading.com\/wp-content\/uploads\/2026\/04\/585898c7441ed4aec3a43ffa1bd5f77d-768x432.jpg 768w, https:\/\/weizhutrading.com\/wp-content\/uploads\/2026\/04\/585898c7441ed4aec3a43ffa1bd5f77d-1536x864.jpg 1536w, https:\/\/weizhutrading.com\/wp-content\/uploads\/2026\/04\/585898c7441ed4aec3a43ffa1bd5f77d-2048x1152.jpg 2048w, https:\/\/weizhutrading.com\/wp-content\/uploads\/2026\/04\/585898c7441ed4aec3a43ffa1bd5f77d-18x10.jpg 18w, https:\/\/weizhutrading.com\/wp-content\/uploads\/2026\/04\/585898c7441ed4aec3a43ffa1bd5f77d-285x160.jpg 285w, https:\/\/weizhutrading.com\/wp-content\/uploads\/2026\/04\/585898c7441ed4aec3a43ffa1bd5f77d-660x371.jpg 660w, https:\/\/weizhutrading.com\/wp-content\/uploads\/2026\/04\/585898c7441ed4aec3a43ffa1bd5f77d-150x84.jpg 150w\" sizes=\"(max-width: 1600px) 100vw, 1600px\" \/>\t\t\t\t\t\t\t\t\t\t\t\t\t\t\t<\/div>\n\t\t\t\t\t<\/div>\n\t\t<\/div>\n\t\t\t\t\t<\/div>\n\t\t<\/section>\n\t\t\t\t<section class=\"elementor-section elementor-top-section elementor-element elementor-element-b76dc97 elementor-section-boxed elementor-section-height-default elementor-section-height-default\" data-id=\"b76dc97\" data-element_type=\"section\" data-e-type=\"section\">\n\t\t\t\t\t\t<div class=\"elementor-container elementor-column-gap-default\">\n\t\t\t\t\t<div class=\"elementor-column elementor-col-50 elementor-top-column elementor-element elementor-element-2c5f126 elementor-invisible\" data-id=\"2c5f126\" data-element_type=\"column\" data-e-type=\"column\" data-settings=\"{&quot;animation&quot;:&quot;fadeIn&quot;}\">\n\t\t\t<div class=\"elementor-widget-wrap elementor-element-populated\">\n\t\t\t\t\t\t<div class=\"elementor-element elementor-element-adb0c06 elementor-widget elementor-widget-heading\" data-id=\"adb0c06\" data-element_type=\"widget\" data-e-type=\"widget\" data-widget_type=\"heading.default\">\n\t\t\t\t\t<h2 class=\"elementor-heading-title elementor-size-default elementor-heading-title elementor-align-after-mobile-center\">Th\u00f4ng tin li\u00ean h\u1ec7 v\u0103n ph\u00f2ng<\/h2>\t\t\t\t<\/div>\n\t\t\t\t<div class=\"elementor-element elementor-element-8443760 elementor-widget elementor-widget-text-editor\" data-id=\"8443760\" data-element_type=\"widget\" data-e-type=\"widget\" data-widget_type=\"text-editor.default\">\n\t\t\t\t\t\t\t\t\t<div class=\"qk-md-paragraph\" data-spm-anchor-id=\"5176.28103460.0.i27.96a07551LRTICf\">L\u00e0 m\u1ed9t \u0111\u1ed1i t\u00e1c \u0111\u00e1ng tin c\u1eady trong ng\u00e0nh v\u1eadt li\u1ec7u x\u00e2y d\u1ef1ng qu\u1ed1c t\u1ebf, ch\u00fang t\u00f4i tu\u00e2n th\u1ee7 nghi\u00eam ng\u1eb7t c\u00e1c ti\u00eau chu\u1ea9n qu\u1ed1c t\u1ebf v\u00e0 t\u1eadp trung \u0111\u00e1p \u1ee9ng nhu c\u1ea7u \u0111a d\u1ea1ng c\u1ee7a th\u1ecb tr\u01b0\u1eddng. S\u1ea3n ph\u1ea9m c\u1ee7a ch\u00fang t\u00f4i \u0111\u01b0\u1ee3c xu\u1ea5t kh\u1ea9u sang ch\u00e2u \u00c2u, \u0110\u00f4ng Nam \u00c1, Trung \u0110\u00f4ng, ch\u00e2u Phi v\u00e0 ch\u00e2u M\u1ef9, thi\u1ebft l\u1eadp m\u1ed1i quan h\u1ec7 h\u1ee3p t\u00e1c l\u00e2u d\u00e0i v\u00e0 \u1ed5n \u0111\u1ecbnh v\u1edbi c\u00e1c nh\u00e0 ph\u00e2n ph\u1ed1i, nh\u00e0 th\u1ea7u ch\u00ednh v\u00e0 nh\u00e0 nh\u1eadp kh\u1ea9u uy t\u00edn tr\u00ean to\u00e0n c\u1ea7u.<\/div><div data-spm-anchor-id=\"5176.28103460.0.i27.96a07551LRTICf\">\u00a0<\/div><div data-spm-anchor-id=\"5176.28103460.0.i27.96a07551LRTICf\">Ch\u00fang t\u00f4i nhi\u1ec7t li\u1ec7t ch\u00e0o \u0111\u00f3n kh\u00e1ch h\u00e0ng v\u00e0 \u0111\u1ed1i t\u00e1c t\u1eeb kh\u1eafp n\u01a1i tr\u00ean th\u1ebf gi\u1edbi \u0111\u1ebfn th\u0103m nh\u00e0 m\u00e1y c\u1ee7a ch\u00fang t\u00f4i, th\u1ea3o lu\u1eadn v\u1ec1 h\u1ee3p t\u00e1c v\u00e0 c\u00f9ng nhau b\u1eaft \u0111\u1ea7u h\u00e0nh tr\u00ecnh ph\u00e1t tri\u1ec3n v\u00e0 th\u00e0nh c\u00f4ng chung.<\/div>\t\t\t\t\t\t\t\t<\/div>\n\t\t\t\t<div class=\"elementor-element elementor-element-a250e27 elementor-widget elementor-widget-heading\" data-id=\"a250e27\" data-element_type=\"widget\" data-e-type=\"widget\" data-widget_type=\"heading.default\">\n\t\t\t\t\t<span class=\"elementor-heading-title elementor-size-default elementor-heading-title\"><i class=\"ti-location-pin\"><\/i><span>Khu c\u00f4ng nghi\u1ec7p th\u1ecb tr\u1ea5n Shuchen, th\u00e0nh ph\u1ed1 Hejian, Cang Ch\u00e2u, t\u1ec9nh H\u00e0 B\u1eafc<\/span><\/span>\t\t\t\t<\/div>\n\t\t\t\t<div class=\"elementor-element elementor-element-1bb1180 elementor-widget elementor-widget-heading\" data-id=\"1bb1180\" data-element_type=\"widget\" data-e-type=\"widget\" data-widget_type=\"heading.default\">\n\t\t\t\t\t<span class=\"elementor-heading-title elementor-size-default elementor-heading-title\"><a href=\"https:\/\/www.whatsapp.com\/\"><i class=\"ti-mobile\"><\/i><span><b>+86 19718068887<\/b><br>\n+86 13322064440<\/span><\/a><\/span>\t\t\t\t<\/div>\n\t\t\t\t<div class=\"elementor-element elementor-element-8f98af6 elementor-widget elementor-widget-heading\" data-id=\"8f98af6\" data-element_type=\"widget\" data-e-type=\"widget\" data-widget_type=\"heading.default\">\n\t\t\t\t\t<span class=\"elementor-heading-title elementor-size-default elementor-heading-title\"><a href=\"https:\/\/mail.google.com\/\"><i class=\"ti-email\"><\/i><span>Weizhu@gemei-fiberglass.com<\/span><\/a><\/span>\t\t\t\t<\/div>\n\t\t\t\t\t<\/div>\n\t\t<\/div>\n\t\t\t\t<div class=\"elementor-column elementor-col-50 elementor-top-column elementor-element elementor-element-10b676e elementor-invisible\" data-id=\"10b676e\" data-element_type=\"column\" data-e-type=\"column\" data-settings=\"{&quot;animation&quot;:&quot;fadeIn&quot;,&quot;animation_delay&quot;:200}\">\n\t\t\t<div class=\"elementor-widget-wrap elementor-element-populated\">\n\t\t\t\t\t\t<div class=\"elementor-element elementor-element-eaff863 elementor-widget elementor-widget-google_maps\" data-id=\"eaff863\" data-element_type=\"widget\" data-e-type=\"widget\" data-widget_type=\"google_maps.default\">\n\t\t\t\t\t\t\t<div class=\"elementor-custom-embed\">\n\t\t\t<iframe loading=\"lazy\"\n\t\t\t\t\tsrc=\"https:\/\/maps.google.com\/maps?q=%E6%B2%B3%E5%8C%97%E7%9C%81%E6%B2%A7%E5%B7%9E%E5%B8%82%E6%B2%B3%E9%97%B4%E5%B8%82%E6%9D%9F%E5%9F%8E%E9%95%87%E5%B7%A5%E4%B8%9A%E5%8C%BA&#038;t=m&#038;z=10&#038;output=embed&#038;iwloc=near\"\n\t\t\t\t\ttitle=\"\u6cb3\u5317\u7701\u6ca7\u5dde\u5e02\u6cb3\u95f4\u5e02\u675f\u57ce\u9547\u5de5\u4e1a\u533a\"\n\t\t\t\t\taria-label=\"\u6cb3\u5317\u7701\u6ca7\u5dde\u5e02\u6cb3\u95f4\u5e02\u675f\u57ce\u9547\u5de5\u4e1a\u533a\"\n\t\t\t><\/iframe>\n\t\t<\/div>\n\t\t\t\t\t\t<\/div>\n\t\t\t\t\t<\/div>\n\t\t<\/div>\n\t\t\t\t\t<\/div>\n\t\t<\/section>\n\t\t\t\t<\/div>","protected":false},"excerpt":{"rendered":"<p>Welcome Established in 2000, Hejian Gemei Fiberglass Products Co., Ltd. has grown into one of the most experienced&#8230;<\/p>","protected":false},"author":1,"featured_media":0,"parent":0,"menu_order":0,"comment_status":"closed","ping_status":"closed","template":"elementor_header_footer","meta":{"footnotes":""},"class_list":["post-346","page","type-page","status-publish","hentry"],"_links":{"self":[{"href":"https:\/\/weizhutrading.com\/vi\/wp-json\/wp\/v2\/pages\/346","targetHints":{"allow":["GET"]}}],"collection":[{"href":"https:\/\/weizhutrading.com\/vi\/wp-json\/wp\/v2\/pages"}],"about":[{"href":"https:\/\/weizhutrading.com\/vi\/wp-json\/wp\/v2\/types\/page"}],"author":[{"embeddable":true,"href":"https:\/\/weizhutrading.com\/vi\/wp-json\/wp\/v2\/users\/1"}],"replies":[{"embeddable":true,"href":"https:\/\/weizhutrading.com\/vi\/wp-json\/wp\/v2\/comments?post=346"}],"version-history":[{"count":66,"href":"https:\/\/weizhutrading.com\/vi\/wp-json\/wp\/v2\/pages\/346\/revisions"}],"predecessor-version":[{"id":3764,"href":"https:\/\/weizhutrading.com\/vi\/wp-json\/wp\/v2\/pages\/346\/revisions\/3764"}],"wp:attachment":[{"href":"https:\/\/weizhutrading.com\/vi\/wp-json\/wp\/v2\/media?parent=346"}],"curies":[{"name":"wp","href":"https:\/\/api.w.org\/{rel}","templated":true}]}}